{"id":2415,"date":"2025-12-12T07:52:41","date_gmt":"2025-12-12T07:52:41","guid":{"rendered":"https:\/\/buynsellshop.shop\/?post_type=product&#038;p=2415"},"modified":"2025-12-19T11:42:04","modified_gmt":"2025-12-19T11:42:04","slug":"gyermek-babolos-fotel-gyermekbabolos-fotel-labpotloval-nyomott-belso-hasznalatu-pufaszett","status":"publish","type":"product","link":"https:\/\/buynsellshop.shop\/de\/produkt\/gyermek-babolos-fotel-gyermekbabolos-fotel-labpotloval-nyomott-belso-hasznalatu-pufaszett\/","title":{"rendered":"Gyermek babzs\u00e1k fotel - l\u00e1bp\u00e1rn\u00e1val, nyomott mint\u00e1s belt\u00e9ri pufaszett"},"content":{"rendered":"<p><img fetchpriority=\"high\" decoding=\"async\" class=\"alignnone size-full wp-image-2535\" src=\"https:\/\/forsalesman.shop\/wp-content\/uploads\/2025\/12\/273e7cff6d2f868a4e438b619ab06a4a-1-1024x420-1.webp\" alt=\"\" width=\"1024\" height=\"420\" \/> <img decoding=\"async\" class=\"alignnone size-full wp-image-2536\" src=\"https:\/\/forsalesman.shop\/wp-content\/uploads\/2025\/12\/e6edffccdc519699506793bc5212c39a-1-1024x420-1.webp\" alt=\"\" width=\"1024\" height=\"420\" \/> <img decoding=\"async\" class=\"alignnone size-full wp-image-2537\" src=\"https:\/\/forsalesman.shop\/wp-content\/uploads\/2025\/12\/1-5-1024x419-1.webp\" alt=\"\" width=\"1024\" height=\"419\" \/> <img loading=\"lazy\" decoding=\"async\" class=\"alignnone size-full wp-image-2538\" src=\"https:\/\/forsalesman.shop\/wp-content\/uploads\/2025\/12\/6fb82fcdd218f5765f42f3b74fd012c4-1-1024x420-1.webp\" alt=\"\" width=\"1024\" height=\"420\" \/><\/p>\n<ul>\n<li>A sz\u00e9k puha, tart\u00f3s anyagokkal van felt\u00f6ltve, \u00e9s k\u00e9nyelmes helyet biztos\u00edt a gyerekeknek az \u00fcl\u00e9shez, pihen\u00e9shez vagy j\u00e1t\u00e9khoz.<\/li>\n<li>A l\u00e1bp\u00f3tl\u00f3 t\u00f6k\u00e9letesen kieg\u00e9sz\u00edti a sz\u00e9k\u00f6t, lehet\u0151v\u00e9 t\u00e9ve a gyerekek sz\u00e1m\u00e1ra, hogy l\u00e1bukat pihentethess\u00e9k - ez n\u00f6veli a k\u00e9nyelm\u00fcket az olvas\u00e1s k\u00f6zben, t\u00e9v\u00e9z\u00e9s k\u00f6zben vagy pihen\u00e9s k\u00f6zben.<\/li>\n<li>A babahuzat sz\u00e9k k\u00f6nny\u0171 \u00e9p\u00edt\u00e9se miatt k\u00f6nnyen hordozhat\u00f3, \u00edgy t\u00f6k\u00e9letes v\u00e1laszt\u00e1s j\u00e1t\u00e9kteremekhez, nappaliekhez \u00e9s bels\u0151 t\u00e9rhaszn\u00e1latra.<\/li>\n<li>\u00c9l\u00e9nk mint\u00e1kban kaphat\u00f3, a sz\u00e9k j\u00e1t\u00e9kos hangulatot adhat a gyermek h\u00e1l\u00f3szob\u00e1j\u00e1hoz vagy j\u00e1t\u00e9kterem\u00e9hez.<\/li>\n<li>Polikoton anyagb\u00f3l k\u00e9sz\u00fclt, teh\u00e1t a gyermek babahuzat sz\u00e9k k\u00e9pes v\u00e9gbementeni a mindennapi haszn\u00e1latot, \u00e9s k\u00f6nnyen tiszt\u00edthat\u00f3.<\/li>\n<\/ul>","protected":false},"excerpt":{"rendered":"<p>A sz\u00e9k puha, tart\u00f3s anyagokkal van felt\u00f6ltve, \u00e9s k\u00e9nyelmes helyet biztos\u00edt a gyerekeknek az \u00fcl\u00e9shez, pihen\u00e9shez vagy j\u00e1t\u00e9khoz. A l\u00e1bp\u00f3tl\u00f3 t\u00f6k\u00e9letesen kieg\u00e9sz\u00edti a sz\u00e9k\u00f6t, lehet\u0151v\u00e9 t\u00e9ve a gyerekek sz\u00e1m\u00e1ra, hogy l\u00e1bukat pihentethess\u00e9k &#8211; ez n\u00f6veli a k\u00e9nyelm\u00fcket az olvas\u00e1s k\u00f6zben, t\u00e9v\u00e9z\u00e9s k\u00f6zben vagy pihen\u00e9s k\u00f6zben. A babahuzat sz\u00e9k k\u00f6nny\u0171 \u00e9p\u00edt\u00e9se miatt k\u00f6nnyen hordozhat\u00f3, \u00edgy t\u00f6k\u00e9letes [&hellip;]<\/p>","protected":false},"featured_media":2419,"comment_status":"open","ping_status":"closed","template":"","meta":{"_acf_changed":false},"product_brand":[],"product_cat":[41],"product_tag":[],"class_list":{"0":"post-2415","1":"product","2":"type-product","3":"status-publish","4":"has-post-thumbnail","6":"product_cat-home-living","8":"first","9":"instock","10":"sale","11":"shipping-taxable","12":"purchasable","13":"product-type-variable","14":"has-default-attributes","15":"wvs-archive-product-wrapper"},"acf":[],"_links":{"self":[{"href":"https:\/\/buynsellshop.shop\/de\/wp-json\/wp\/v2\/product\/2415","targetHints":{"allow":["GET"]}}],"collection":[{"href":"https:\/\/buynsellshop.shop\/de\/wp-json\/wp\/v2\/product"}],"about":[{"href":"https:\/\/buynsellshop.shop\/de\/wp-json\/wp\/v2\/types\/product"}],"replies":[{"embeddable":true,"href":"https:\/\/buynsellshop.shop\/de\/wp-json\/wp\/v2\/comments?post=2415"}],"version-history":[{"count":4,"href":"https:\/\/buynsellshop.shop\/de\/wp-json\/wp\/v2\/product\/2415\/revisions"}],"predecessor-version":[{"id":2564,"href":"https:\/\/buynsellshop.shop\/de\/wp-json\/wp\/v2\/product\/2415\/revisions\/2564"}],"wp:featuredmedia":[{"embeddable":true,"href":"https:\/\/buynsellshop.shop\/de\/wp-json\/wp\/v2\/media\/2419"}],"wp:attachment":[{"href":"https:\/\/buynsellshop.shop\/de\/wp-json\/wp\/v2\/media?parent=2415"}],"wp:term":[{"taxonomy":"product_brand","embeddable":true,"href":"https:\/\/buynsellshop.shop\/de\/wp-json\/wp\/v2\/product_brand?post=2415"},{"taxonomy":"product_cat","embeddable":true,"href":"https:\/\/buynsellshop.shop\/de\/wp-json\/wp\/v2\/product_cat?post=2415"},{"taxonomy":"product_tag","embeddable":true,"href":"https:\/\/buynsellshop.shop\/de\/wp-json\/wp\/v2\/product_tag?post=2415"}],"curies":[{"name":"wp","href":"https:\/\/api.w.org\/{rel}","templated":true}]}}