{"id":2645,"date":"2026-01-09T01:21:39","date_gmt":"2026-01-09T01:21:39","guid":{"rendered":"https:\/\/buynsellshop.shop\/?post_type=product&#038;p=2645"},"modified":"2026-01-09T01:31:24","modified_gmt":"2026-01-09T01:31:24","slug":"adaptador-inalambrico-carplay-2025-para-iphone-android-conexion-rapida-sin-latencia-adaptador-inalambrico-para-llamadas-manos-libres-cargador-electronico-dongle-carplay","status":"publish","type":"product","link":"https:\/\/buynsellshop.shop\/de\/produkt\/adaptador-inalambrico-carplay-2025-para-iphone-android-conexion-rapida-sin-latencia-adaptador-inalambrico-para-llamadas-manos-libres-cargador-electronico-dongle-carplay\/","title":{"rendered":"Adaptador inal\u00e1mbrico carplay 2025 para iPhone \/ Android, conexi\u00f3n r\u00e1pida, sin latencia, adaptador inal\u00e1mbrico para llamadas manos libres, cargador electr\u00f3nico, dongle carplay"},"content":{"rendered":"<p><img fetchpriority=\"high\" decoding=\"async\" class=\"aligncenter\" src=\"https:\/\/buynsellshop.shop\/wp-content\/uploads\/2026\/01\/b4959c15-7d49-47e2-9081-24635aa7c9b3.4243759d52d623d0b541d888ff672512-1-1024x1024.webp\" sizes=\"(max-width: 800px) 100vw, 800px\" srcset=\"https:\/\/buynsellshop.shop\/wp-content\/uploads\/2026\/01\/b4959c15-7d49-47e2-9081-24635aa7c9b3.4243759d52d623d0b541d888ff672512-1-1024x1024.webp 1024w, https:\/\/buynsellshop.shop\/wp-content\/uploads\/2026\/01\/b4959c15-7d49-47e2-9081-24635aa7c9b3.4243759d52d623d0b541d888ff672512-1-300x300.webp 300w, https:\/\/buynsellshop.shop\/wp-content\/uploads\/2026\/01\/b4959c15-7d49-47e2-9081-24635aa7c9b3.4243759d52d623d0b541d888ff672512-1-150x150.webp 150w, https:\/\/buynsellshop.shop\/wp-content\/uploads\/2026\/01\/b4959c15-7d49-47e2-9081-24635aa7c9b3.4243759d52d623d0b541d888ff672512-1-768x768.webp 768w, https:\/\/buynsellshop.shop\/wp-content\/uploads\/2026\/01\/b4959c15-7d49-47e2-9081-24635aa7c9b3.4243759d52d623d0b541d888ff672512-1-600x600.webp 600w, https:\/\/buynsellshop.shop\/wp-content\/uploads\/2026\/01\/b4959c15-7d49-47e2-9081-24635aa7c9b3.4243759d52d623d0b541d888ff672512-1-100x100.webp 100w, https:\/\/buynsellshop.shop\/wp-content\/uploads\/2026\/01\/b4959c15-7d49-47e2-9081-24635aa7c9b3.4243759d52d623d0b541d888ff672512-1-50x50.webp 50w, https:\/\/buynsellshop.shop\/wp-content\/uploads\/2026\/01\/b4959c15-7d49-47e2-9081-24635aa7c9b3.4243759d52d623d0b541d888ff672512-1.webp 1500w\" alt=\"\" width=\"800\" height=\"800\" \/><br \/>\n<img decoding=\"async\" class=\"aligncenter\" src=\"https:\/\/buynsellshop.shop\/wp-content\/uploads\/2026\/01\/690a9809-49ed-4a51-a780-60ca22a3a795.3b4e2dac0a1c04e937ed3f8ef7025999-1-1024x1024.webp\" sizes=\"(max-width: 800px) 100vw, 800px\" srcset=\"https:\/\/buynsellshop.shop\/wp-content\/uploads\/2026\/01\/690a9809-49ed-4a51-a780-60ca22a3a795.3b4e2dac0a1c04e937ed3f8ef7025999-1-1024x1024.webp 1024w, https:\/\/buynsellshop.shop\/wp-content\/uploads\/2026\/01\/690a9809-49ed-4a51-a780-60ca22a3a795.3b4e2dac0a1c04e937ed3f8ef7025999-1-300x300.webp 300w, https:\/\/buynsellshop.shop\/wp-content\/uploads\/2026\/01\/690a9809-49ed-4a51-a780-60ca22a3a795.3b4e2dac0a1c04e937ed3f8ef7025999-1-150x150.webp 150w, https:\/\/buynsellshop.shop\/wp-content\/uploads\/2026\/01\/690a9809-49ed-4a51-a780-60ca22a3a795.3b4e2dac0a1c04e937ed3f8ef7025999-1-768x768.webp 768w, https:\/\/buynsellshop.shop\/wp-content\/uploads\/2026\/01\/690a9809-49ed-4a51-a780-60ca22a3a795.3b4e2dac0a1c04e937ed3f8ef7025999-1-600x600.webp 600w, https:\/\/buynsellshop.shop\/wp-content\/uploads\/2026\/01\/690a9809-49ed-4a51-a780-60ca22a3a795.3b4e2dac0a1c04e937ed3f8ef7025999-1-100x100.webp 100w, https:\/\/buynsellshop.shop\/wp-content\/uploads\/2026\/01\/690a9809-49ed-4a51-a780-60ca22a3a795.3b4e2dac0a1c04e937ed3f8ef7025999-1-50x50.webp 50w, https:\/\/buynsellshop.shop\/wp-content\/uploads\/2026\/01\/690a9809-49ed-4a51-a780-60ca22a3a795.3b4e2dac0a1c04e937ed3f8ef7025999-1.webp 1500w\" alt=\"\" width=\"800\" height=\"800\" \/><br \/>\n<img decoding=\"async\" class=\"aligncenter\" src=\"https:\/\/buynsellshop.shop\/wp-content\/uploads\/2026\/01\/610fc9a0-31d1-40c4-b100-f6cc27b88642.1e86d0e80493083b6bc19987f8bdeb3b-1-1024x1024.webp\" sizes=\"(max-width: 800px) 100vw, 800px\" srcset=\"https:\/\/buynsellshop.shop\/wp-content\/uploads\/2026\/01\/610fc9a0-31d1-40c4-b100-f6cc27b88642.1e86d0e80493083b6bc19987f8bdeb3b-1-1024x1024.webp 1024w, https:\/\/buynsellshop.shop\/wp-content\/uploads\/2026\/01\/610fc9a0-31d1-40c4-b100-f6cc27b88642.1e86d0e80493083b6bc19987f8bdeb3b-1-300x300.webp 300w, https:\/\/buynsellshop.shop\/wp-content\/uploads\/2026\/01\/610fc9a0-31d1-40c4-b100-f6cc27b88642.1e86d0e80493083b6bc19987f8bdeb3b-1-150x150.webp 150w, https:\/\/buynsellshop.shop\/wp-content\/uploads\/2026\/01\/610fc9a0-31d1-40c4-b100-f6cc27b88642.1e86d0e80493083b6bc19987f8bdeb3b-1-768x768.webp 768w, https:\/\/buynsellshop.shop\/wp-content\/uploads\/2026\/01\/610fc9a0-31d1-40c4-b100-f6cc27b88642.1e86d0e80493083b6bc19987f8bdeb3b-1-600x600.webp 600w, https:\/\/buynsellshop.shop\/wp-content\/uploads\/2026\/01\/610fc9a0-31d1-40c4-b100-f6cc27b88642.1e86d0e80493083b6bc19987f8bdeb3b-1-100x100.webp 100w, https:\/\/buynsellshop.shop\/wp-content\/uploads\/2026\/01\/610fc9a0-31d1-40c4-b100-f6cc27b88642.1e86d0e80493083b6bc19987f8bdeb3b-1-50x50.webp 50w, https:\/\/buynsellshop.shop\/wp-content\/uploads\/2026\/01\/610fc9a0-31d1-40c4-b100-f6cc27b88642.1e86d0e80493083b6bc19987f8bdeb3b-1.webp 1500w\" alt=\"\" width=\"800\" height=\"800\" \/><br \/>\n<img loading=\"lazy\" decoding=\"async\" class=\"aligncenter\" src=\"https:\/\/buynsellshop.shop\/wp-content\/uploads\/2026\/01\/23e682f5-61f8-412e-b8ba-eca3cec8036e.068c6b96e9a036d276a15ade161f90e0-1-1024x1024.webp\" sizes=\"(max-width: 800px) 100vw, 800px\" srcset=\"https:\/\/buynsellshop.shop\/wp-content\/uploads\/2026\/01\/23e682f5-61f8-412e-b8ba-eca3cec8036e.068c6b96e9a036d276a15ade161f90e0-1-1024x1024.webp 1024w, https:\/\/buynsellshop.shop\/wp-content\/uploads\/2026\/01\/23e682f5-61f8-412e-b8ba-eca3cec8036e.068c6b96e9a036d276a15ade161f90e0-1-300x300.webp 300w, https:\/\/buynsellshop.shop\/wp-content\/uploads\/2026\/01\/23e682f5-61f8-412e-b8ba-eca3cec8036e.068c6b96e9a036d276a15ade161f90e0-1-150x150.webp 150w, https:\/\/buynsellshop.shop\/wp-content\/uploads\/2026\/01\/23e682f5-61f8-412e-b8ba-eca3cec8036e.068c6b96e9a036d276a15ade161f90e0-1-768x768.webp 768w, https:\/\/buynsellshop.shop\/wp-content\/uploads\/2026\/01\/23e682f5-61f8-412e-b8ba-eca3cec8036e.068c6b96e9a036d276a15ade161f90e0-1-600x600.webp 600w, https:\/\/buynsellshop.shop\/wp-content\/uploads\/2026\/01\/23e682f5-61f8-412e-b8ba-eca3cec8036e.068c6b96e9a036d276a15ade161f90e0-1-100x100.webp 100w, https:\/\/buynsellshop.shop\/wp-content\/uploads\/2026\/01\/23e682f5-61f8-412e-b8ba-eca3cec8036e.068c6b96e9a036d276a15ade161f90e0-1-50x50.webp 50w, https:\/\/buynsellshop.shop\/wp-content\/uploads\/2026\/01\/23e682f5-61f8-412e-b8ba-eca3cec8036e.068c6b96e9a036d276a15ade161f90e0-1.webp 1500w\" alt=\"\" width=\"800\" height=\"800\" \/><\/p>\n<ul>\n<li>\u3010Adaptador inal\u00e1mbrico para CarPlay y Android Auto\u3011El adaptador inal\u00e1mbrico BANKKY para CarPlay permite convertir f\u00e1cilmente CarPlay y Android Auto con cable en dispositivos inal\u00e1mbricos. Schlie\u00dfen Sie einfach den CarPlay-Adapter an Ihr Fahrzeug an, aktivieren Sie Wi-Fi und Bluetooth in Ihrem Telefon und stellen Sie die Bluetooth-Verbindung her (Nombre de la red Wi-Fi\/Bluetooth: Smartbox-xxxx). La conectividad inal\u00e1mbrica hace que conducir sea m\u00e1s c\u00f3modo y pr\u00e1ctico.<\/li>\n<li>\u3010Chip avanzado y rendimiento excepcional\u3011Nuestro adaptador inal\u00e1mbrico CarPlay est\u00e1 equipado con la \u00faltima generaci\u00f3n de chips, compatible con Bluetooth 5.0 y Wi-Fi de doble banda, lo que garantiza velocidades de conexi\u00f3n m\u00e1s r\u00e1pidas y una mayor resistencia a las interferencias. Dies garantiert eine stabile Verbindung w\u00e4hrend der gesamten Nutzung, ohne Unterbrechungen und ohne Ausf\u00e4lle, so dass Sie eine schnelle, fl\u00fcssige und zuverl\u00e4ssige CarPlay-Erfahrung w\u00e4hrend des Betriebs genie\u00dfen k\u00f6nnen.<\/li>\n<li>\u3010Compatibilidad universal\u3011Es ist kompatibel mit Fahrzeugen, die mit CarPlay\/Android Auto mit Kabel ausgestattet sind, kompatibel mit iPhone 6 und sp\u00e4teren Modellen, sowie mit iOS 10 und h\u00f6heren Versionen und Android 11 und h\u00f6heren Versionen. (Nicht kompatibel mit Huawei, Xiaomi ni OPPO). Si su coche est\u00e1 equipado con CarPlay con cable, nuestro adaptador es la mejor opci\u00f3n para disfrutar de CarPlay inal\u00e1mbrico. (Nicht kompatibel mit BMW, Tesla, Volvo, Cadillac und Fahrzeugen mit nicht installiertem CarPlay aus dem Werk).<\/li>\n<li>\u3010Control inteligente, conducci\u00f3n segura\u3011El adaptador inal\u00e1mbrico CarPlay es compatible con control por voz, navegaci\u00f3n GPS, llamadas, m\u00fasica en l\u00ednea y mucho m\u00e1s, lo que le permite concentrarse en la carretera. \u00dcber die intelligente Sprachsteuerung k\u00f6nnen Sie auf die gew\u00fcnschten Anwendungen zugreifen. Todas las funciones se pueden controlar a trav\u00e9s de la pantalla del veh\u00edculo. Dieser Adapter ist auch kompatibel mit den Original-Bedienelementen des Fahrzeugs, dem Display und den Tasten des Fahrzeugs, was seine Verwendung auch f\u00fcr die Passagiere des Autobahnrasters erleichtert.<\/li>\n<\/ul>","protected":false},"excerpt":{"rendered":"<p>\u3010Adaptador inal\u00e1mbrico para CarPlay y Android Auto\u3011El adaptador inal\u00e1mbrico BANKKY para CarPlay permite convertir f\u00e1cilmente CarPlay y Android Auto con cable en dispositivos inal\u00e1mbricos. Simplemente conecte el adaptador CarPlay a su coche, active el Wi-Fi y el Bluetooth en su tel\u00e9fono y empareje la conexi\u00f3n Bluetooth (Nombre de la red Wi-Fi\/Bluetooth: Smartbox-xxxx). La conectividad inal\u00e1mbrica [&hellip;]<\/p>","protected":false},"featured_media":2646,"comment_status":"open","ping_status":"closed","template":"","meta":{"_acf_changed":false},"product_brand":[],"product_cat":[35],"product_tag":[],"class_list":{"0":"post-2645","1":"product","2":"type-product","3":"status-publish","4":"has-post-thumbnail","6":"product_cat-sale","8":"first","9":"instock","10":"sale","11":"shipping-taxable","12":"purchasable","13":"product-type-simple"},"acf":[],"_links":{"self":[{"href":"https:\/\/buynsellshop.shop\/de\/wp-json\/wp\/v2\/product\/2645","targetHints":{"allow":["GET"]}}],"collection":[{"href":"https:\/\/buynsellshop.shop\/de\/wp-json\/wp\/v2\/product"}],"about":[{"href":"https:\/\/buynsellshop.shop\/de\/wp-json\/wp\/v2\/types\/product"}],"replies":[{"embeddable":true,"href":"https:\/\/buynsellshop.shop\/de\/wp-json\/wp\/v2\/comments?post=2645"}],"version-history":[{"count":4,"href":"https:\/\/buynsellshop.shop\/de\/wp-json\/wp\/v2\/product\/2645\/revisions"}],"predecessor-version":[{"id":2688,"href":"https:\/\/buynsellshop.shop\/de\/wp-json\/wp\/v2\/product\/2645\/revisions\/2688"}],"wp:featuredmedia":[{"embeddable":true,"href":"https:\/\/buynsellshop.shop\/de\/wp-json\/wp\/v2\/media\/2646"}],"wp:attachment":[{"href":"https:\/\/buynsellshop.shop\/de\/wp-json\/wp\/v2\/media?parent=2645"}],"wp:term":[{"taxonomy":"product_brand","embeddable":true,"href":"https:\/\/buynsellshop.shop\/de\/wp-json\/wp\/v2\/product_brand?post=2645"},{"taxonomy":"product_cat","embeddable":true,"href":"https:\/\/buynsellshop.shop\/de\/wp-json\/wp\/v2\/product_cat?post=2645"},{"taxonomy":"product_tag","embeddable":true,"href":"https:\/\/buynsellshop.shop\/de\/wp-json\/wp\/v2\/product_tag?post=2645"}],"curies":[{"name":"wp","href":"https:\/\/api.w.org\/{rel}","templated":true}]}}