{"id":2807,"date":"2026-01-31T09:07:05","date_gmt":"2026-01-31T09:07:05","guid":{"rendered":"https:\/\/buynsellshop.shop\/?post_type=product&#038;p=2807"},"modified":"2026-01-31T09:16:08","modified_gmt":"2026-01-31T09:16:08","slug":"lote-surtido-de-quesos-extremenos-2kilos","status":"publish","type":"product","link":"https:\/\/buynsellshop.shop\/de\/produkt\/lote-surtido-de-quesos-extremenos-2kilos\/","title":{"rendered":"Lote surtido de quesos extreme\u00f1os 2kilos"},"content":{"rendered":"<div data-elementor-type=\"product-post\" data-elementor-id=\"2807\" class=\"elementor elementor-2807\" data-elementor-post-type=\"product\">\n\t\t\t\t<div class=\"elementor-element elementor-element-3196dd5e e-flex e-con-boxed e-con e-parent\" data-id=\"3196dd5e\" data-element_type=\"container\" data-settings=\"{&quot;ekit_has_onepagescroll_dot&quot;:&quot;yes&quot;}\">\n\t\t\t\t\t<div class=\"e-con-inner\">\n\t\t\t\t<div class=\"elementor-element elementor-element-7e592c02 elementor--h-position-center elementor--v-position-middle elementor-arrows-position-inside elementor-pagination-position-inside elementor-widget elementor-widget-slides\" data-id=\"7e592c02\" data-element_type=\"widget\" data-settings=\"{&quot;navigation&quot;:&quot;both&quot;,&quot;autoplay&quot;:&quot;yes&quot;,&quot;pause_on_hover&quot;:&quot;yes&quot;,&quot;pause_on_interaction&quot;:&quot;yes&quot;,&quot;autoplay_speed&quot;:5000,&quot;infinite&quot;:&quot;yes&quot;,&quot;transition&quot;:&quot;slide&quot;,&quot;transition_speed&quot;:500,&quot;ekit_we_effect_on&quot;:&quot;none&quot;}\" data-widget_type=\"slides.default\">\n\t\t\t\t<div class=\"elementor-widget-container\">\n\t\t\t\t\t\t\t\t\t<div class=\"elementor-swiper\">\n\t\t\t\t\t<div class=\"elementor-slides-wrapper elementor-main-swiper swiper\" role=\"region\" aria-roledescription=\"carousel\" aria-label=\"Folien\" dir=\"ltr\" data-animation=\"fadeInUp\">\n\t\t\t\t<div class=\"swiper-wrapper elementor-slides\">\n\t\t\t\t\t\t\t\t\t\t<div class=\"elementor-repeater-item-8472f5d swiper-slide\" role=\"group\" aria-roledescription=\"slide\"><div class=\"swiper-slide-bg\" role=\"img\"><\/div><div class=\"swiper-slide-inner\" ><div class=\"swiper-slide-contents\"><div class=\"elementor-slide-description\"><!DOCTYPE html>\n<html lang=\"es\">\n<head>\n    <meta charset=\"UTF-8\">\n    <meta name=\"viewport\" content=\"width=device-width, initial-scale=1.0\">\n    <title>Quesos de oveja de Extremadura<\/title>\n    <style>\n\n        h1 {\n            color: #7A4C2E;\n            font-size: 3.8rem;\n            margin: 0;\n            line-height: 1;\n            font-weight: normal;\n            text-transform: uppercase;\n        }\n        h1 span {\n            display: block;\n            font-size: 2.2rem;\n            color: #5D4037;\n            margin-top: 12px;\n            font-weight: normal;\n            letter-spacing: 1.5px;\n            text-transform: lowercase;\n            font-style: italic;\n        }\n    <\/style>\n<\/head>\n<body>\n    <div class=\"container\">\n        <h1>Quesos de oveja<br><span>de Extremadura<\/span><\/h1>\n    <\/div>\n<\/body>\n<\/html><\/div><\/div><\/div><\/div><div class=\"elementor-repeater-item-1c77235 swiper-slide\" role=\"group\" aria-roledescription=\"slide\"><div class=\"swiper-slide-bg\" role=\"img\"><\/div><div class=\"swiper-slide-inner\" ><div class=\"swiper-slide-contents\"><div class=\"elementor-slide-description\"><!DOCTYPE html>\n<html lang=\"es\">\n<head>\n    <meta charset=\"UTF-8\">\n    <meta name=\"viewport\" content=\"width=device-width, initial-scale=1.0\">\n    <title>Un mundo en quesos<\/title>\n    <style>\n\n        h1 {\n            color: #8B4513;\n            font-size: 3.5rem;\n            margin: 0;\n            line-height: 1;\n            font-weight: bold;\n            text-transform: uppercase;\n            letter-spacing: 2px;\n        }\n        h1 span {\n            display: block;\n            font-family: 'Georgia', serif;\n            font-size: 2rem;\n            color: #A0522D;\n            margin-top: 15px;\n            font-weight: normal;\n            letter-spacing: 1px;\n            font-style: italic;\n            text-transform: lowercase;\n        }\n    <\/style>\n<\/head>\n<body>\n    <div class=\"container\">\n        <h1>Eine Welt<br><span>en quesos<\/span><\/h1>\n    <\/div>\n<\/body>\n<\/html><\/div><\/div><\/div><\/div><div class=\"elementor-repeater-item-65e894c swiper-slide\" role=\"group\" aria-roledescription=\"slide\"><div class=\"swiper-slide-bg\" role=\"img\"><\/div><div class=\"swiper-slide-inner\" ><div class=\"swiper-slide-contents\"><div class=\"elementor-slide-description\"><!DOCTYPE html>\n<html lang=\"es\">\n<head>\n    <meta charset=\"UTF-8\">\n    <meta name=\"viewport\" content=\"width=device-width, initial-scale=1.0\">\n    <title>Gran variedad en quesos de cabra<\/title>\n    <style>\n\n        h1 {\n            color: #5D4037;\n            font-size: 3.2rem;\n            margin: 0;\n            line-height: 1;\n            font-weight: bold;\n            letter-spacing: 1px;\n        }\n        h1 span {\n            display: block;\n            font-family: 'Georgia', serif;\n            font-size: 2.1rem;\n            color: #8B4513;\n            margin-top: 12px;\n            font-weight: normal;\n            font-style: italic;\n        }\n    <\/style>\n<\/head>\n<body>\n    <div class=\"container\">\n        <h1>Gran variedad<br><span>en quesos de cabra<\/span><\/h1>\n    <\/div>\n<\/body>\n<\/html><\/div><\/div><\/div><\/div><div class=\"elementor-repeater-item-770ba6b swiper-slide\" role=\"group\" aria-roledescription=\"slide\"><div class=\"swiper-slide-bg\" role=\"img\"><\/div><div class=\"swiper-slide-inner\" ><div class=\"swiper-slide-contents\"><div class=\"elementor-slide-description\"><!DOCTYPE html>\n<html lang=\"es\">\n<head>\n    <meta charset=\"UTF-8\">\n    <meta name=\"viewport\" content=\"width=device-width, initial-scale=1.0\">\n    <title>Gran variedad para Catering<\/title>\n    <style>\ncontainer {\n            background: transparent;\n            text-align: center;\n            padding: 40px;\n        }\n        h1 {\n            color: #7A4C2E;\n            font-size: 3rem;\n            margin: 0;\n            font-weight: normal;\n            line-height: 1.3;\n        }\n        h1 span {\n            display: block;\n        }\n    <\/style>\n<\/head>\n<body>\n    <div class=\"container\">\n        <h1><span>Gran variedad<\/span><span>para Catering<\/span><\/h1>\n    <\/div>\n<\/body>\n<\/html><\/div><\/div><\/div><\/div><div class=\"elementor-repeater-item-2e6a976 swiper-slide\" role=\"group\" aria-roledescription=\"slide\"><div class=\"swiper-slide-bg\" role=\"img\"><\/div><div class=\"swiper-slide-inner\" ><div class=\"swiper-slide-contents\"><div class=\"elementor-slide-description\"><!DOCTYPE html>\n<html lang=\"es\">\n<head>\n    <meta charset=\"UTF-8\">\n    <meta name=\"viewport\" content=\"width=device-width, initial-scale=1.0\">\n    <title>Consulta nuestras especialidades<\/title>\n    <style>\n\n        h1 {\n            color: #5D4037;\n            font-size: 2.8rem;\n            margin: 0;\n            line-height: 1;\n            font-weight: bold;\n            text-transform: uppercase;\n        }\n        h1 span {\n            display: block;\n            font-family: 'Georgia', serif;\n            font-size: 1.8rem;\n            color: #8B4513;\n            margin-top: 10px;\n            font-weight: normal;\n            font-style: italic;\n            text-transform: lowercase;\n        }\n    <\/style>\n<\/head>\n<body>\n    <div class=\"container\">\n        <h1>Consulta<br><span>unsere Spezialit\u00e4ten<\/span><\/h1>\n    <\/div>\n<\/body>\n<\/html><\/div><\/div><\/div><\/div>\t\t\t\t<\/div>\n\t\t\t\t\t\t\t\t\t\t\t\t\t\t\t<div class=\"elementor-swiper-button elementor-swiper-button-prev\" role=\"button\" tabindex=\"0\" aria-label=\"Vorheriges Dia\">\n\t\t\t\t\t\t\t<svg aria-hidden=\"true\" class=\"e-font-icon-svg e-eicon-chevron-left\" viewbox=\"0 0 1000 1000\" xmlns=\"http:\/\/www.w3.org\/2000\/svg\"><path d=\"M646 125C629 125 613 133 604 142L308 442C296 454 292 471 292 487 292 504 296 521 308 533L604 854C617 867 629 875 646 875 663 875 679 871 692 858 704 846 713 829 713 812 713 796 708 779 692 767L438 487 692 225C700 217 708 204 708 187 708 171 704 154 692 142 675 129 663 125 646 125Z\"><\/path><\/svg>\t\t\t\t\t\t<\/div>\n\t\t\t\t\t\t<div class=\"elementor-swiper-button elementor-swiper-button-next\" role=\"button\" tabindex=\"0\" aria-label=\"N\u00e4chstes Dia\">\n\t\t\t\t\t\t\t<svg aria-hidden=\"true\" class=\"e-font-icon-svg e-eicon-chevron-right\" viewbox=\"0 0 1000 1000\" xmlns=\"http:\/\/www.w3.org\/2000\/svg\"><path d=\"M696 533C708 521 713 504 713 487 713 471 708 454 696 446L400 146C388 133 375 125 354 125 338 125 325 129 313 142 300 154 292 171 292 187 292 204 296 221 308 233L563 492 304 771C292 783 288 800 288 817 288 833 296 850 308 863 321 871 338 875 354 875 371 875 388 867 400 854L696 533Z\"><\/path><\/svg>\t\t\t\t\t\t<\/div>\n\t\t\t\t\t\t\t\t\t\t\t\t\t\t\t\t<div class=\"swiper-pagination\"><\/div>\n\t\t\t\t\t\t\t\t\t\t\t\t<\/div>\n\t\t\t\t<\/div>\n\t\t\t\t\t\t\t\t<\/div>\n\t\t\t\t<\/div>\n\t\t\t\t\t<\/div>\n\t\t\t\t<\/div>\n\t\t<div class=\"elementor-element elementor-element-4bae4f0c e-flex e-con-boxed e-con e-parent\" data-id=\"4bae4f0c\" data-element_type=\"container\" data-settings=\"{&quot;ekit_has_onepagescroll_dot&quot;:&quot;yes&quot;}\">\n\t\t\t\t\t<div class=\"e-con-inner\">\n\t\t<div class=\"elementor-element elementor-element-61057b92 e-con-full e-flex e-con e-child\" data-id=\"61057b92\" data-element_type=\"container\" data-settings=\"{&quot;background_background&quot;:&quot;classic&quot;,&quot;ekit_has_onepagescroll_dot&quot;:&quot;yes&quot;}\">\n\t\t\t\t<div class=\"elementor-element elementor-element-4c6b8185 elementor-widget elementor-widget-text-editor\" data-id=\"4c6b8185\" data-element_type=\"widget\" data-settings=\"{&quot;ekit_we_effect_on&quot;:&quot;none&quot;}\" data-widget_type=\"text-editor.default\">\n\t\t\t\t<div class=\"elementor-widget-container\">\n\t\t\t\t\t\t\t\t\t<!DOCTYPE html>\n<html lang=\"es\">\n<head>\n    <meta charset=\"UTF-8\">\n    <meta name=\"viewport\" content=\"width=device-width, initial-scale=1.0\">\n    <title>Consejos para preparar tu tabla de quesos<\/title>\n    <style>\n        body {\n            font-family: Arial, sans-serif;\n\n        .container {\n            background: rgba(255, 255, 255, 0.85);\n            padding: 30px;\n            border-radius: 8px;\n            box-shadow: 0 4px 15px rgba(0,0,0,0.1);\n        }\n        h1 {\n            color: #8B4513;\n            margin-bottom: 20px;\n            font-size: 24px;\n        }\n        p {\n            font-size: 16px;\n        }\n    <\/style>\n<\/head>\n<body>\n    <div class=\"container\">\n        <h1>Ratschl\u00e4ge f\u00fcr die Vorbereitung der Frageb\u00f6gen<\/h1>\n        <p>Derzeit gibt es auf dem Markt eine gro\u00dfe Vielfalt an Quesos mit einer Vielzahl von Formen, Texturen, Aromen und Geschmacksrichtungen, weshalb wir Ihnen in diesem Beitrag einige Tipps geben, wie Sie bei der Ausarbeitung Ihrer Queso-Tabelle eine gute Auswahl treffen und so bei Ihren G\u00e4sten punkten k\u00f6nnen.<\/p>\n    <\/div>\n<\/body>\n<\/html>\t\t\t\t\t\t\t\t<\/div>\n\t\t\t\t<\/div>\n\t\t\t\t<\/div>\n\t\t<div class=\"elementor-element elementor-element-58ff4a5 e-con-full e-flex e-con e-child\" data-id=\"58ff4a5\" data-element_type=\"container\" data-settings=\"{&quot;background_background&quot;:&quot;classic&quot;,&quot;ekit_has_onepagescroll_dot&quot;:&quot;yes&quot;}\">\n\t\t\t\t<div class=\"elementor-element elementor-element-648ae0c0 elementor-widget elementor-widget-text-editor\" data-id=\"648ae0c0\" data-element_type=\"widget\" data-settings=\"{&quot;ekit_we_effect_on&quot;:&quot;none&quot;}\" data-widget_type=\"text-editor.default\">\n\t\t\t\t<div class=\"elementor-widget-container\">\n\t\t\t\t\t\t\t\t\t<!DOCTYPE html>\n<html lang=\"es\">\n<head>\n    <meta charset=\"UTF-8\">\n    <meta name=\"viewport\" content=\"width=device-width, initial-scale=1.0\">\n    <title>Consejos para tu tabla de quesos<\/title>\n    <style>\n.container {\n            background: rgba(255, 255, 255, 0.85);\n            padding: 25px;\n            border-radius: 8px;\n        }\n        h1 {\n            color: #8B4513;\n            font-size: 22px;\n        }\n        h2 {\n            color: #A0522D;\n            margin: 20px 0 10px;\n        }\n        p {\n            margin-bottom: 12px;\n        }\n    <\/style>\n<\/head>\n<body>\n    <div class=\"container\">\n        <h1>Ratschl\u00e4ge f\u00fcr Ihre Frageliste<\/h1>\n        \n        <h2>PRIMEROS PASOS<\/h2>\n        <p>Ber\u00fccksichtigen Sie die Jahreszeit und die Epoche des Jahres. La temperatura y humedad afectan los quesos.<\/p>\n        <p>Beachten Sie auch den Rest des Men\u00fcs. No sobrecargues con quesos si hay otros platos ricos.<\/p>\n        <p>Calcula 80-100 g por persona si es postre; hasta 175-200 g si los quesos son el plato principal.<\/p>\n        \n        <h2>\u00bfC\u00d3MO ELEGIR?<\/h2>\n        <p>Elige con criterio, no al azar.<\/p>\n        <p>W\u00e4hlen Sie zwischen 5 und 8 Varianten. M\u00e1s de 10 puede ser excesivo.<\/p>\n        <p>Kombinieren Sie nationale und internationale Quesos. Verschiedene Geschmacksrichtungen, Aromen und Texturen.<\/p>\n    <\/div>\n<\/body>\n<\/html>\t\t\t\t\t\t\t\t<\/div>\n\t\t\t\t<\/div>\n\t\t\t\t<\/div>\n\t\t\t\t\t<\/div>\n\t\t\t\t<\/div>\n\t\t<div class=\"elementor-element elementor-element-21c4fb36 e-flex e-con-boxed e-con e-parent\" data-id=\"21c4fb36\" data-element_type=\"container\" data-settings=\"{&quot;ekit_has_onepagescroll_dot&quot;:&quot;yes&quot;}\">\n\t\t\t\t\t<div class=\"e-con-inner\">\n\t\t<div class=\"elementor-element elementor-element-4c23c6a6 e-grid e-con-full e-con e-child\" data-id=\"4c23c6a6\" data-element_type=\"container\" data-settings=\"{&quot;ekit_has_onepagescroll_dot&quot;:&quot;yes&quot;}\">\n\t\t<div class=\"elementor-element elementor-element-66eb072e e-con-full e-flex e-con e-child\" data-id=\"66eb072e\" data-element_type=\"container\" data-settings=\"{&quot;background_background&quot;:&quot;classic&quot;,&quot;ekit_has_onepagescroll_dot&quot;:&quot;yes&quot;}\">\n\t\t\t\t<div class=\"elementor-element elementor-element-54946111 elementor-widget elementor-widget-text-editor\" data-id=\"54946111\" data-element_type=\"widget\" data-settings=\"{&quot;ekit_we_effect_on&quot;:&quot;none&quot;}\" data-widget_type=\"text-editor.default\">\n\t\t\t\t<div class=\"elementor-widget-container\">\n\t\t\t\t\t\t\t\t\t<!DOCTYPE html>\n<html lang=\"es\">\n<head>\n    <meta charset=\"UTF-8\">\n    <meta name=\"viewport\" content=\"width=device-width, initial-scale=1.0\">\n    <title>Consejos para tu tabla de quesos<\/title>\n    <style>\n\n        .container {\n            background: rgba(255, 255, 255, 0.85);\n            padding: 25px;\n            border-radius: 8px;\n        }\n        h1 {\n            color: #8B4513;\n            font-size: 22px;\n        }\n        h2 {\n            color: #A0522D;\n            margin: 20px 0 10px;\n        }\n        p {\n            margin-bottom: 12px;\n        }\n        ul {\n            margin: 10px 0;\n            padding-left: 20px;\n        }\n        li {\n            margin-bottom: 8px;\n        }\n        strong {\n            color: #8B4513;\n        }\n    <\/style>\n<\/head>\n<body>\n    <div class=\"container\">\n        <h1>Ratschl\u00e4ge f\u00fcr Ihre Frageliste<\/h1>\n        \n        <h2>BEI WELCHER TEMPERATUR?<\/h2>\n        <p>No saques el queso de la nevera justo antes de servir. Debe atemperarse al menos una hora, ya que el fr\u00edo afecta el sabor y textura.<\/p>\n        <p>\u201cTemperatura ambiente\u201d var\u00eda seg\u00fan lugar y \u00e9poca. Tenlo en cuenta.<\/p>\n        \n        <h2>\u00bfC\u00d3MO LOS CORTAMOS?<\/h2>\n        <ul>\n            <li><strong>Tiernos, semiduros o duros:<\/strong> corta en cu\u00f1a o rect\u00e1ngulo, conservando parte de la corteza.<\/li>\n            <li><strong>Blandos o untables:<\/strong> s\u00edrvelos en tarrinas o recipientes peque\u00f1os, no sobre pan.<\/li>\n            <li><strong>Muy madurados:<\/strong> corta en l\u00e1minas finas para suavizar la intensidad.<\/li>\n            <li><strong>Muy duros (ej. Parmigiano):<\/strong> s\u00edrvelos en lascas o trozos irregulares.<\/li>\n        <\/ul>\n    <\/div>\n<\/body>\n<\/html>\t\t\t\t\t\t\t\t<\/div>\n\t\t\t\t<\/div>\n\t\t\t\t<\/div>\n\t\t<div class=\"elementor-element elementor-element-2dd1296c e-con-full e-flex e-con e-child\" data-id=\"2dd1296c\" data-element_type=\"container\" data-settings=\"{&quot;ekit_has_onepagescroll_dot&quot;:&quot;yes&quot;}\">\n\t\t\t\t<div class=\"elementor-element elementor-element-2f9ad5cd elementor-widget elementor-widget-text-editor\" data-id=\"2f9ad5cd\" data-element_type=\"widget\" data-settings=\"{&quot;ekit_we_effect_on&quot;:&quot;none&quot;}\" data-widget_type=\"text-editor.default\">\n\t\t\t\t<div class=\"elementor-widget-container\">\n\t\t\t\t\t\t\t\t\t<!DOCTYPE html>\n<html lang=\"es\">\n<head>\n    <meta charset=\"UTF-8\">\n    <meta name=\"viewport\" content=\"width=device-width, initial-scale=1.0\">\n    <title>Consejos para tu tabla de quesos<\/title>\n    <style>\ncontainer {\n            background: rgba(255, 255, 255, 0.85);\n            padding: 25px;\n            border-radius: 8px;\n        }\n        h1 {\n            color: #8B4513;\n            font-size: 22px;\n        }\n        h2 {\n            color: #A0522D;\n            margin: 20px 0 10px;\n        }\n        p {\n            margin-bottom: 12px;\n        }\n        ul {\n            margin: 10px 0;\n            padding-left: 20px;\n        }\n        li {\n            margin-bottom: 8px;\n        }\n        strong {\n            color: #8B4513;\n        }\n    <\/style>\n<\/head>\n<body>\n    <div class=\"container\">\n        <h1>Ratschl\u00e4ge f\u00fcr Ihre Frageliste<\/h1>\n        \n        <h2>\u00bfC\u00d3MO LOS PRESENTO?<\/h2>\n        <p>Usa una tabla de madera bonita y limpia. Los platos de pizarra pueden mancharse con quesos grasos.<\/p>\n        <p>Sirve los quesos de m\u00e1s suave a m\u00e1s fuerte, en orden de izquierda a derecha o siguiendo las agujas del reloj.<\/p>\n        \n        <h2>\u00bfCON QU\u00c9 LOS ACOMPA\u00d1O?<\/h2>\n        <p>Elige productos de calidad para acompa\u00f1ar. Evita galletas saladas corrientes o frutos secos rancios.<\/p>\n        <ul>\n            <li><strong>Panes y galletas crujientes:<\/strong> Picos, Kekse, Rega\u00f1\u00e1s, usw.<\/li>\n            <li><strong>Mermeladas y compotas:<\/strong> frutos del bosque, cebolla, naranja amarga.<\/li>\n            <li><strong>Dulce de membrillo y calabaza confitada:<\/strong> siempre aciertan.<\/li>\n            <li><strong>Frutos y frutas secas:<\/strong> almendras, nueces, d\u00e1tiles, higos, ciruelas pasas.<\/li>\n            <li><strong>Fruta fresca:<\/strong> uvas, ar\u00e1ndanos, manzana verde, peras de temporada.<\/li>\n            <li><strong>Aceitunas y encurtidos:<\/strong> Pepinillos, Cebollitas.<\/li>\n            <li><strong>Miel y melaza:<\/strong> miel artesana o en panal, en peque\u00f1as cantidades.<\/li>\n        <\/ul>\n        <p>Un buen pan es esencial: incluye al menos uno blanco r\u00fastico y uno de centeno, mejor si son artesanos y de masa madre.<\/p>\n    <\/div>\n<\/body>\n<\/html>\t\t\t\t\t\t\t\t<\/div>\n\t\t\t\t<\/div>\n\t\t\t\t<\/div>\n\t\t\t\t<\/div>\n\t\t\t\t\t<\/div>\n\t\t\t\t<\/div>\n\t\t<div class=\"elementor-element elementor-element-6a2253b9 e-flex e-con-boxed e-con e-parent\" data-id=\"6a2253b9\" data-element_type=\"container\" data-settings=\"{&quot;ekit_has_onepagescroll_dot&quot;:&quot;yes&quot;}\">\n\t\t\t\t\t<div class=\"e-con-inner\">\n\t\t<div class=\"elementor-element elementor-element-47e795cc e-con-full e-flex e-con e-child\" data-id=\"47e795cc\" data-element_type=\"container\" data-settings=\"{&quot;ekit_has_onepagescroll_dot&quot;:&quot;yes&quot;}\">\n\t\t<div class=\"elementor-element elementor-element-3d382abb e-con-full e-flex e-con e-child\" data-id=\"3d382abb\" data-element_type=\"container\" data-settings=\"{&quot;ekit_has_onepagescroll_dot&quot;:&quot;yes&quot;}\">\n\t\t\t\t<div class=\"elementor-element elementor-element-1a2f0eca elementor-widget elementor-widget-image\" data-id=\"1a2f0eca\" data-element_type=\"widget\" data-settings=\"{&quot;ekit_we_effect_on&quot;:&quot;none&quot;}\" data-widget_type=\"image.default\">\n\t\t\t\t<div class=\"elementor-widget-container\">\n\t\t\t\t\t\t\t\t\t\t\t\t\t\t\t<img fetchpriority=\"high\" decoding=\"async\" width=\"500\" height=\"750\" src=\"https:\/\/buynsellshop.shop\/wp-content\/uploads\/2026\/01\/Tabla-quesos-1.jpg\" class=\"attachment-large size-large wp-image-2840 wvs-archive-product-image\" alt=\"\" srcset=\"https:\/\/buynsellshop.shop\/wp-content\/uploads\/2026\/01\/Tabla-quesos-1.jpg 500w, https:\/\/buynsellshop.shop\/wp-content\/uploads\/2026\/01\/Tabla-quesos-1-200x300.jpg 200w, https:\/\/buynsellshop.shop\/wp-content\/uploads\/2026\/01\/Tabla-quesos-1-8x12.jpg 8w, https:\/\/buynsellshop.shop\/wp-content\/uploads\/2026\/01\/Tabla-quesos-1-110x165.jpg 110w, https:\/\/buynsellshop.shop\/wp-content\/uploads\/2026\/01\/Tabla-quesos-1-60x90.jpg 60w\" sizes=\"(max-width: 500px) 100vw, 500px\" \/>\t\t\t\t\t\t\t\t\t\t\t\t\t\t\t<\/div>\n\t\t\t\t<\/div>\n\t\t\t\t<\/div>\n\t\t<div class=\"elementor-element elementor-element-729c2c2f e-con-full e-flex e-con e-child\" data-id=\"729c2c2f\" data-element_type=\"container\" data-settings=\"{&quot;ekit_has_onepagescroll_dot&quot;:&quot;yes&quot;}\">\n\t\t\t\t<div class=\"elementor-element elementor-element-46b2e4e4 elementor-widget elementor-widget-text-editor\" data-id=\"46b2e4e4\" data-element_type=\"widget\" data-settings=\"{&quot;ekit_we_effect_on&quot;:&quot;none&quot;}\" data-widget_type=\"text-editor.default\">\n\t\t\t\t<div class=\"elementor-widget-container\">\n\t\t\t\t\t\t\t\t\t<!DOCTYPE html>\n<html lang=\"es\">\n<head>\n    <meta charset=\"UTF-8\">\n    <meta name=\"viewport\" content=\"width=device-width, initial-scale=1.0\">\n    <title>Consejos para tu tabla de quesos<\/title>\n    <style>\nh1 {\n            color: #8B4513;\n            font-size: 22px;\n        }\n        h2 {\n            color: #A0522D;\n            margin: 20px 0 10px;\n        }\n        p {\n            margin-bottom: 12px;\n        }\n        ul {\n            margin: 10px 0;\n            padding-left: 20px;\n        }\n        li {\n            margin-bottom: 8px;\n        }\n        strong {\n            color: #8B4513;\n        }\n    <\/style>\n<\/head>\n<body>\n    <div class=\"container\">\n        <h1>Ratschl\u00e4ge f\u00fcr Ihre Frageliste<\/h1>\n        \n        <h2>\u00bfY PARA BEBER?<\/h2>\n        <p>Ein geeignetes Getr\u00e4nk macht das Degustationserlebnis erst richtig interessant. Mineralwasser ist immer eine gute Wahl, um den Paladar zu reinigen, aber die Kombination mit Weinen und anderen Getr\u00e4nken kann den Unterschied deutlich machen.<\/p>\n        <p>Wei\u00dfer Wein ist ein idealer Begleiter f\u00fcr trockene und s\u00fc\u00dfe K\u00e4se, w\u00e4hrend heller und wei\u00dfer Wein, der in der Schale fermentiert wurde, besser zu scharfem K\u00e4se passt, vor allem zu Ochsenmilch.<\/p>\n        <p>Leichtere Gew\u00fcrze wie Cava reinigen den Tisch und lassen die Queso-Matrix besser zur Geltung kommen.<\/p>\n        <ul>\n            <li><strong>Licores dulces:<\/strong> ideal f\u00fcr Nachspeisen wegen des Kontrasts zwischen s\u00fc\u00df und salzig.<\/li>\n            <li><strong>Amontillados y finos:<\/strong> lassen sich gut mit Quesos de Cabra und Tortas Untuosas kombinieren.<\/li>\n            <li><strong>Cervezas:<\/strong> Pilsner und Trigono eignen sich gut f\u00fcr s\u00fc\u00dfe und salzige K\u00e4se.<\/li>\n            <li><strong>Aguardientes y licores fuertes:<\/strong> Empfehlenswert f\u00fcr kleine und gro\u00dfe W\u00fcrstchen.<\/li>\n        <\/ul>\n        \n        <h2>Y POR \u00daLTIMO:<\/h2>\n        <p>F\u00fcr eine exzellente Queso-Tabelle kaufen Sie nur hochwertige Rohstoffe ein und w\u00e4hlen eine Auswahl nach Kriterien, nicht nach Mengen. Es gibt nur wenige M\u00f6glichkeiten, aber daf\u00fcr eine gro\u00dfe Vielfalt an Textur, Geschmack und Herkunft.<\/p>\n        <p>Achten Sie auf die Eigenheiten eines jeden Quesos: seine Temperatur, seinen Schnitt und seinen Verzehr. Una tabla equilibrada y bien pensada siempre ser\u00e1 mejor que una pretenciosa y mediocre.<\/p>\n    <\/div>\n<\/body>\n<\/html>\t\t\t\t\t\t\t\t<\/div>\n\t\t\t\t<\/div>\n\t\t\t\t<\/div>\n\t\t\t\t<\/div>\n\t\t\t\t\t<\/div>\n\t\t\t\t<\/div>\n\t\t\t\t<\/div>","protected":false},"excerpt":{"rendered":"<p>&nbsp; &nbsp; Quesos de oveja de Extremadura &nbsp; &nbsp; Un mundo en quesos &nbsp; &nbsp; Gran variedad en quesos de cabra &nbsp; &nbsp; Gran variedadpara Catering &nbsp; &nbsp; Consulta nuestras especialidades &nbsp; &nbsp; Consejos para preparar tu tabla de quesos Actualmente hay en el mercado una gran variedad de quesos con multitud de formas, texturas, [&hellip;]<\/p>","protected":false},"featured_media":2815,"comment_status":"open","ping_status":"closed","template":"","meta":{"_acf_changed":false},"product_brand":[],"product_cat":[35],"product_tag":[],"class_list":{"0":"post-2807","1":"product","2":"type-product","3":"status-publish","4":"has-post-thumbnail","6":"product_cat-sale","8":"first","9":"instock","10":"sale","11":"shipping-taxable","12":"purchasable","13":"product-type-variable","14":"has-default-attributes","15":"wvs-archive-product-wrapper"},"acf":[],"_links":{"self":[{"href":"https:\/\/buynsellshop.shop\/de\/wp-json\/wp\/v2\/product\/2807","targetHints":{"allow":["GET"]}}],"collection":[{"href":"https:\/\/buynsellshop.shop\/de\/wp-json\/wp\/v2\/product"}],"about":[{"href":"https:\/\/buynsellshop.shop\/de\/wp-json\/wp\/v2\/types\/product"}],"replies":[{"embeddable":true,"href":"https:\/\/buynsellshop.shop\/de\/wp-json\/wp\/v2\/comments?post=2807"}],"version-history":[{"count":5,"href":"https:\/\/buynsellshop.shop\/de\/wp-json\/wp\/v2\/product\/2807\/revisions"}],"predecessor-version":[{"id":2849,"href":"https:\/\/buynsellshop.shop\/de\/wp-json\/wp\/v2\/product\/2807\/revisions\/2849"}],"wp:featuredmedia":[{"embeddable":true,"href":"https:\/\/buynsellshop.shop\/de\/wp-json\/wp\/v2\/media\/2815"}],"wp:attachment":[{"href":"https:\/\/buynsellshop.shop\/de\/wp-json\/wp\/v2\/media?parent=2807"}],"wp:term":[{"taxonomy":"product_brand","embeddable":true,"href":"https:\/\/buynsellshop.shop\/de\/wp-json\/wp\/v2\/product_brand?post=2807"},{"taxonomy":"product_cat","embeddable":true,"href":"https:\/\/buynsellshop.shop\/de\/wp-json\/wp\/v2\/product_cat?post=2807"},{"taxonomy":"product_tag","embeddable":true,"href":"https:\/\/buynsellshop.shop\/de\/wp-json\/wp\/v2\/product_tag?post=2807"}],"curies":[{"name":"wp","href":"https:\/\/api.w.org\/{rel}","templated":true}]}}