{"id":2957,"date":"2026-03-25T07:01:16","date_gmt":"2026-03-25T07:01:16","guid":{"rendered":"https:\/\/buynsellshop.shop\/?post_type=product&#038;p=2957"},"modified":"2026-03-25T07:08:33","modified_gmt":"2026-03-25T07:08:33","slug":"xxl-protein-box-more-nutrition-zerup-clear-whey-protein-iced-coffee-protein-milkshake-protein-sahne-protein-griespudding-protein-pudding-shaker","status":"publish","type":"product","link":"https:\/\/buynsellshop.shop\/de\/produkt\/xxl-protein-box-more-nutrition-zerup-clear-whey-protein-iced-coffee-protein-milkshake-protein-sahne-protein-griespudding-protein-pudding-shaker\/","title":{"rendered":"XXL Protein Box - MORE Nutrition - (Zerup, Clear Whey, Protein-Eiskaffee, Protein-Milchshake, Protein-Sahne, Protein-Grie\u00dfpudding, Protein-Pudding, Shaker)"},"content":{"rendered":"<div data-elementor-type=\"product-post\" data-elementor-id=\"2957\" class=\"elementor elementor-2957\" data-elementor-post-type=\"product\">\n\t\t\t\t<div class=\"elementor-element elementor-element-2fad95e2 e-flex e-con-boxed e-con e-parent\" data-id=\"2fad95e2\" data-element_type=\"container\" data-settings=\"{&quot;ekit_has_onepagescroll_dot&quot;:&quot;yes&quot;}\">\n\t\t\t\t\t<div class=\"e-con-inner\">\n\t\t\t\t<div class=\"elementor-element elementor-element-4423b8a5 elementor-widget elementor-widget-text-editor\" data-id=\"4423b8a5\" data-element_type=\"widget\" data-settings=\"{&quot;ekit_we_effect_on&quot;:&quot;none&quot;}\" data-widget_type=\"text-editor.default\">\n\t\t\t\t<div class=\"elementor-widget-container\">\n\t\t\t\t\t\t\t\t\t<div id=\"importantInformation_feature_div\" class=\"celwidget\" data-feature-name=\"importantInformation\" data-csa-c-type=\"widget\" data-csa-c-content-id=\"importantInformation\" data-csa-c-slot-id=\"importantInformation_feature_div\" data-csa-c-asin=\"\" data-csa-c-is-in-initial-active-row=\"false\" data-csa-c-id=\"4ymjx5-xywzsk-qy4w7o-k1xemx\" data-cel-widget=\"importantInformation_feature_div\"><div id=\"important-information\" class=\"a-section a-spacing-extra-large bucket\"><h2 style=\"text-align: center;\">Wichtige Informationen<\/h2><div class=\"a-section content\"><h3 style=\"text-align: center;\">Zutaten: MILCHproteinkonzentrat 55%, Hafervollkorn (glutenfrei) 39%, Glucomannan (aus Konjakwurzel) 2%, Flohsamenschalenpulver, l\u00f6slicher Ballaststoff (Mais), Salz, Laktase, S\u00fc\u00dfstoff (Steviolglykoside aus Stevia). Herkunft der Zutaten: EU\/Nicht-EU.<\/h3><h2 style=\"text-align: center;\"><span style=\"font-size: 16px;\">Wegbeschreibung:<\/span><span style=\"font-size: 16px;\">Mit Wasser oder Milch verr\u00fchren, nach Belieben Toppings hinzuf\u00fcgen<\/span><\/h2><\/div><\/div><\/div>\t\t\t\t\t\t\t\t<\/div>\n\t\t\t\t<\/div>\n\t\t\t\t<div class=\"elementor-element elementor-element-7ed56d00 elementor-widget elementor-widget-text-editor\" data-id=\"7ed56d00\" data-element_type=\"widget\" data-settings=\"{&quot;ekit_we_effect_on&quot;:&quot;none&quot;}\" data-widget_type=\"text-editor.default\">\n\t\t\t\t<div class=\"elementor-widget-container\">\n\t\t\t\t\t\t\t\t\t<hr class=\"bucketDivider\" noshade=\"noshade\" size=\"1\" \/><h2>Von der Marke<\/h2>\t\t\t\t\t\t\t\t<\/div>\n\t\t\t\t<\/div>\n\t\t\t\t<div class=\"elementor-element elementor-element-765bb239 elementor-widget elementor-widget-image\" data-id=\"765bb239\" data-element_type=\"widget\" data-settings=\"{&quot;ekit_we_effect_on&quot;:&quot;none&quot;}\" data-widget_type=\"image.default\">\n\t\t\t\t<div class=\"elementor-widget-container\">\n\t\t\t\t\t\t\t\t\t\t\t\t\t\t\t<img fetchpriority=\"high\" decoding=\"async\" width=\"1464\" height=\"625\" src=\"https:\/\/buynsellshop.shop\/wp-content\/uploads\/2026\/03\/42f38a36-4650-4c13-b3e1-bb9c2c18c2fb.__CR0050002135_PT0_SX1464_V1___-1.jpg\" class=\"attachment-full size-full wp-image-2941 wvs-archive-product-image\" alt=\"\" srcset=\"https:\/\/buynsellshop.shop\/wp-content\/uploads\/2026\/03\/42f38a36-4650-4c13-b3e1-bb9c2c18c2fb.__CR0050002135_PT0_SX1464_V1___-1.jpg 1464w, https:\/\/buynsellshop.shop\/wp-content\/uploads\/2026\/03\/42f38a36-4650-4c13-b3e1-bb9c2c18c2fb.__CR0050002135_PT0_SX1464_V1___-1-300x128.jpg 300w, https:\/\/buynsellshop.shop\/wp-content\/uploads\/2026\/03\/42f38a36-4650-4c13-b3e1-bb9c2c18c2fb.__CR0050002135_PT0_SX1464_V1___-1-1024x437.jpg 1024w, https:\/\/buynsellshop.shop\/wp-content\/uploads\/2026\/03\/42f38a36-4650-4c13-b3e1-bb9c2c18c2fb.__CR0050002135_PT0_SX1464_V1___-1-768x328.jpg 768w, https:\/\/buynsellshop.shop\/wp-content\/uploads\/2026\/03\/42f38a36-4650-4c13-b3e1-bb9c2c18c2fb.__CR0050002135_PT0_SX1464_V1___-1-18x8.jpg 18w, https:\/\/buynsellshop.shop\/wp-content\/uploads\/2026\/03\/42f38a36-4650-4c13-b3e1-bb9c2c18c2fb.__CR0050002135_PT0_SX1464_V1___-1-110x47.jpg 110w, https:\/\/buynsellshop.shop\/wp-content\/uploads\/2026\/03\/42f38a36-4650-4c13-b3e1-bb9c2c18c2fb.__CR0050002135_PT0_SX1464_V1___-1-60x26.jpg 60w, https:\/\/buynsellshop.shop\/wp-content\/uploads\/2026\/03\/42f38a36-4650-4c13-b3e1-bb9c2c18c2fb.__CR0050002135_PT0_SX1464_V1___-1-600x256.jpg 600w\" sizes=\"(max-width: 1464px) 100vw, 1464px\" \/>\t\t\t\t\t\t\t\t\t\t\t\t\t\t\t<\/div>\n\t\t\t\t<\/div>\n\t\t\t\t<div class=\"elementor-element elementor-element-306603e9 elementor-widget elementor-widget-text-editor\" data-id=\"306603e9\" data-element_type=\"widget\" data-settings=\"{&quot;ekit_we_effect_on&quot;:&quot;none&quot;}\" data-widget_type=\"text-editor.default\">\n\t\t\t\t<div class=\"elementor-widget-container\">\n\t\t\t\t\t\t\t\t\t<hr class=\"bucketDivider\" noshade=\"noshade\" size=\"1\" \/><h2>Beschreibung des Produkts<\/h2>\t\t\t\t\t\t\t\t<\/div>\n\t\t\t\t<\/div>\n\t\t\t\t<div class=\"elementor-element elementor-element-7a858936 elementor-widget elementor-widget-image\" data-id=\"7a858936\" data-element_type=\"widget\" data-settings=\"{&quot;ekit_we_effect_on&quot;:&quot;none&quot;}\" data-widget_type=\"image.default\">\n\t\t\t\t<div class=\"elementor-widget-container\">\n\t\t\t\t\t\t\t\t\t\t\t\t\t\t\t<img decoding=\"async\" width=\"1464\" height=\"600\" src=\"https:\/\/buynsellshop.shop\/wp-content\/uploads\/2026\/03\/ed8d76d8-6be3-4eef-8845-a3caaec6f1fc.__CR001464600_PT0_SX1464_V1___-1.jpg\" class=\"attachment-full size-full wp-image-2942 wvs-archive-product-image\" alt=\"\" srcset=\"https:\/\/buynsellshop.shop\/wp-content\/uploads\/2026\/03\/ed8d76d8-6be3-4eef-8845-a3caaec6f1fc.__CR001464600_PT0_SX1464_V1___-1.jpg 1464w, https:\/\/buynsellshop.shop\/wp-content\/uploads\/2026\/03\/ed8d76d8-6be3-4eef-8845-a3caaec6f1fc.__CR001464600_PT0_SX1464_V1___-1-300x123.jpg 300w, https:\/\/buynsellshop.shop\/wp-content\/uploads\/2026\/03\/ed8d76d8-6be3-4eef-8845-a3caaec6f1fc.__CR001464600_PT0_SX1464_V1___-1-1024x420.jpg 1024w, https:\/\/buynsellshop.shop\/wp-content\/uploads\/2026\/03\/ed8d76d8-6be3-4eef-8845-a3caaec6f1fc.__CR001464600_PT0_SX1464_V1___-1-768x315.jpg 768w, https:\/\/buynsellshop.shop\/wp-content\/uploads\/2026\/03\/ed8d76d8-6be3-4eef-8845-a3caaec6f1fc.__CR001464600_PT0_SX1464_V1___-1-18x7.jpg 18w, https:\/\/buynsellshop.shop\/wp-content\/uploads\/2026\/03\/ed8d76d8-6be3-4eef-8845-a3caaec6f1fc.__CR001464600_PT0_SX1464_V1___-1-110x45.jpg 110w, https:\/\/buynsellshop.shop\/wp-content\/uploads\/2026\/03\/ed8d76d8-6be3-4eef-8845-a3caaec6f1fc.__CR001464600_PT0_SX1464_V1___-1-60x25.jpg 60w, https:\/\/buynsellshop.shop\/wp-content\/uploads\/2026\/03\/ed8d76d8-6be3-4eef-8845-a3caaec6f1fc.__CR001464600_PT0_SX1464_V1___-1-600x246.jpg 600w\" sizes=\"(max-width: 1464px) 100vw, 1464px\" \/>\t\t\t\t\t\t\t\t\t\t\t\t\t\t\t<\/div>\n\t\t\t\t<\/div>\n\t\t\t\t<div class=\"elementor-element elementor-element-2ed5676d elementor-widget elementor-widget-image\" data-id=\"2ed5676d\" data-element_type=\"widget\" data-settings=\"{&quot;ekit_we_effect_on&quot;:&quot;none&quot;}\" data-widget_type=\"image.default\">\n\t\t\t\t<div class=\"elementor-widget-container\">\n\t\t\t\t\t\t\t\t\t\t\t\t\t\t\t<img decoding=\"async\" width=\"1464\" height=\"600\" src=\"https:\/\/buynsellshop.shop\/wp-content\/uploads\/2026\/03\/8d2a49ed-3ec1-4dad-9170-e9efaa0ef1b4.__CR001464600_PT0_SX1464_V1___-1-1.jpg\" class=\"attachment-full size-full wp-image-2943 wvs-archive-product-image\" alt=\"\" srcset=\"https:\/\/buynsellshop.shop\/wp-content\/uploads\/2026\/03\/8d2a49ed-3ec1-4dad-9170-e9efaa0ef1b4.__CR001464600_PT0_SX1464_V1___-1-1.jpg 1464w, https:\/\/buynsellshop.shop\/wp-content\/uploads\/2026\/03\/8d2a49ed-3ec1-4dad-9170-e9efaa0ef1b4.__CR001464600_PT0_SX1464_V1___-1-1-300x123.jpg 300w, https:\/\/buynsellshop.shop\/wp-content\/uploads\/2026\/03\/8d2a49ed-3ec1-4dad-9170-e9efaa0ef1b4.__CR001464600_PT0_SX1464_V1___-1-1-1024x420.jpg 1024w, https:\/\/buynsellshop.shop\/wp-content\/uploads\/2026\/03\/8d2a49ed-3ec1-4dad-9170-e9efaa0ef1b4.__CR001464600_PT0_SX1464_V1___-1-1-768x315.jpg 768w, https:\/\/buynsellshop.shop\/wp-content\/uploads\/2026\/03\/8d2a49ed-3ec1-4dad-9170-e9efaa0ef1b4.__CR001464600_PT0_SX1464_V1___-1-1-18x7.jpg 18w, https:\/\/buynsellshop.shop\/wp-content\/uploads\/2026\/03\/8d2a49ed-3ec1-4dad-9170-e9efaa0ef1b4.__CR001464600_PT0_SX1464_V1___-1-1-110x45.jpg 110w, https:\/\/buynsellshop.shop\/wp-content\/uploads\/2026\/03\/8d2a49ed-3ec1-4dad-9170-e9efaa0ef1b4.__CR001464600_PT0_SX1464_V1___-1-1-60x25.jpg 60w, https:\/\/buynsellshop.shop\/wp-content\/uploads\/2026\/03\/8d2a49ed-3ec1-4dad-9170-e9efaa0ef1b4.__CR001464600_PT0_SX1464_V1___-1-1-600x246.jpg 600w\" sizes=\"(max-width: 1464px) 100vw, 1464px\" \/>\t\t\t\t\t\t\t\t\t\t\t\t\t\t\t<\/div>\n\t\t\t\t<\/div>\n\t\t\t\t<div class=\"elementor-element elementor-element-16e4f97d elementor-widget elementor-widget-image\" data-id=\"16e4f97d\" data-element_type=\"widget\" data-settings=\"{&quot;ekit_we_effect_on&quot;:&quot;none&quot;}\" data-widget_type=\"image.default\">\n\t\t\t\t<div class=\"elementor-widget-container\">\n\t\t\t\t\t\t\t\t\t\t\t\t\t\t\t<img loading=\"lazy\" decoding=\"async\" width=\"1464\" height=\"600\" src=\"https:\/\/buynsellshop.shop\/wp-content\/uploads\/2026\/03\/a5327a01-0123-4d7f-86f8-1e9f1471a8e9.__CR001464600_PT0_SX1464_V1___-1.jpg\" class=\"attachment-full size-full wp-image-2944 wvs-archive-product-image\" alt=\"\" srcset=\"https:\/\/buynsellshop.shop\/wp-content\/uploads\/2026\/03\/a5327a01-0123-4d7f-86f8-1e9f1471a8e9.__CR001464600_PT0_SX1464_V1___-1.jpg 1464w, https:\/\/buynsellshop.shop\/wp-content\/uploads\/2026\/03\/a5327a01-0123-4d7f-86f8-1e9f1471a8e9.__CR001464600_PT0_SX1464_V1___-1-300x123.jpg 300w, https:\/\/buynsellshop.shop\/wp-content\/uploads\/2026\/03\/a5327a01-0123-4d7f-86f8-1e9f1471a8e9.__CR001464600_PT0_SX1464_V1___-1-1024x420.jpg 1024w, https:\/\/buynsellshop.shop\/wp-content\/uploads\/2026\/03\/a5327a01-0123-4d7f-86f8-1e9f1471a8e9.__CR001464600_PT0_SX1464_V1___-1-768x315.jpg 768w, https:\/\/buynsellshop.shop\/wp-content\/uploads\/2026\/03\/a5327a01-0123-4d7f-86f8-1e9f1471a8e9.__CR001464600_PT0_SX1464_V1___-1-18x7.jpg 18w, https:\/\/buynsellshop.shop\/wp-content\/uploads\/2026\/03\/a5327a01-0123-4d7f-86f8-1e9f1471a8e9.__CR001464600_PT0_SX1464_V1___-1-110x45.jpg 110w, https:\/\/buynsellshop.shop\/wp-content\/uploads\/2026\/03\/a5327a01-0123-4d7f-86f8-1e9f1471a8e9.__CR001464600_PT0_SX1464_V1___-1-60x25.jpg 60w, https:\/\/buynsellshop.shop\/wp-content\/uploads\/2026\/03\/a5327a01-0123-4d7f-86f8-1e9f1471a8e9.__CR001464600_PT0_SX1464_V1___-1-600x246.jpg 600w\" sizes=\"(max-width: 1464px) 100vw, 1464px\" \/>\t\t\t\t\t\t\t\t\t\t\t\t\t\t\t<\/div>\n\t\t\t\t<\/div>\n\t\t\t\t<div class=\"elementor-element elementor-element-79fff922 elementor--h-position-center elementor--v-position-middle elementor-arrows-position-inside elementor-pagination-position-inside elementor-widget elementor-widget-slides\" data-id=\"79fff922\" data-element_type=\"widget\" data-settings=\"{&quot;navigation&quot;:&quot;both&quot;,&quot;autoplay&quot;:&quot;yes&quot;,&quot;pause_on_hover&quot;:&quot;yes&quot;,&quot;pause_on_interaction&quot;:&quot;yes&quot;,&quot;autoplay_speed&quot;:5000,&quot;infinite&quot;:&quot;yes&quot;,&quot;transition&quot;:&quot;slide&quot;,&quot;transition_speed&quot;:500,&quot;ekit_we_effect_on&quot;:&quot;none&quot;}\" data-widget_type=\"slides.default\">\n\t\t\t\t<div class=\"elementor-widget-container\">\n\t\t\t\t\t\t\t\t\t<div class=\"elementor-swiper\">\n\t\t\t\t\t<div class=\"elementor-slides-wrapper elementor-main-swiper swiper\" role=\"region\" aria-roledescription=\"carousel\" aria-label=\"Folien\" dir=\"ltr\" data-animation=\"fadeInUp\">\n\t\t\t\t<div class=\"swiper-wrapper elementor-slides\">\n\t\t\t\t\t\t\t\t\t\t<div class=\"elementor-repeater-item-ada072d swiper-slide\" role=\"group\" aria-roledescription=\"slide\"><div class=\"swiper-slide-bg\" role=\"img\"><\/div><div class=\"swiper-slide-inner\" ><div class=\"swiper-slide-contents\"><\/div><\/div><\/div><div class=\"elementor-repeater-item-90159c2 swiper-slide\" role=\"group\" aria-roledescription=\"slide\"><div class=\"swiper-slide-bg\" role=\"img\"><\/div><div class=\"swiper-slide-inner\" ><div class=\"swiper-slide-contents\"><\/div><\/div><\/div><div class=\"elementor-repeater-item-a7c2113 swiper-slide\" role=\"group\" aria-roledescription=\"slide\"><div class=\"swiper-slide-bg\" role=\"img\"><\/div><div class=\"swiper-slide-inner\" ><div class=\"swiper-slide-contents\"><\/div><\/div><\/div><div class=\"elementor-repeater-item-c76ff63 swiper-slide\" role=\"group\" aria-roledescription=\"slide\"><div class=\"swiper-slide-bg\" role=\"img\"><\/div><div class=\"swiper-slide-inner\" ><div class=\"swiper-slide-contents\"><\/div><\/div><\/div><div class=\"elementor-repeater-item-5a72f04 swiper-slide\" role=\"group\" aria-roledescription=\"slide\"><div class=\"swiper-slide-bg\" role=\"img\"><\/div><div class=\"swiper-slide-inner\" ><div class=\"swiper-slide-contents\"><div class=\"elementor-slide-description\">.<\/div><\/div><\/div><\/div>\t\t\t\t<\/div>\n\t\t\t\t\t\t\t\t\t\t\t\t\t\t\t<div class=\"elementor-swiper-button elementor-swiper-button-prev\" role=\"button\" tabindex=\"0\" aria-label=\"Vorheriges Dia\">\n\t\t\t\t\t\t\t<svg aria-hidden=\"true\" class=\"e-font-icon-svg e-eicon-chevron-left\" viewbox=\"0 0 1000 1000\" xmlns=\"http:\/\/www.w3.org\/2000\/svg\"><path d=\"M646 125C629 125 613 133 604 142L308 442C296 454 292 471 292 487 292 504 296 521 308 533L604 854C617 867 629 875 646 875 663 875 679 871 692 858 704 846 713 829 713 812 713 796 708 779 692 767L438 487 692 225C700 217 708 204 708 187 708 171 704 154 692 142 675 129 663 125 646 125Z\"><\/path><\/svg>\t\t\t\t\t\t<\/div>\n\t\t\t\t\t\t<div class=\"elementor-swiper-button elementor-swiper-button-next\" role=\"button\" tabindex=\"0\" aria-label=\"N\u00e4chstes Dia\">\n\t\t\t\t\t\t\t<svg aria-hidden=\"true\" class=\"e-font-icon-svg e-eicon-chevron-right\" viewbox=\"0 0 1000 1000\" xmlns=\"http:\/\/www.w3.org\/2000\/svg\"><path d=\"M696 533C708 521 713 504 713 487 713 471 708 454 696 446L400 146C388 133 375 125 354 125 338 125 325 129 313 142 300 154 292 171 292 187 292 204 296 221 308 233L563 492 304 771C292 783 288 800 288 817 288 833 296 850 308 863 321 871 338 875 354 875 371 875 388 867 400 854L696 533Z\"><\/path><\/svg>\t\t\t\t\t\t<\/div>\n\t\t\t\t\t\t\t\t\t\t\t\t\t\t\t\t<div class=\"swiper-pagination\"><\/div>\n\t\t\t\t\t\t\t\t\t\t\t\t<\/div>\n\t\t\t\t<\/div>\n\t\t\t\t\t\t\t\t<\/div>\n\t\t\t\t<\/div>\n\t\t\t\t<div class=\"elementor-element elementor-element-691c6ef4 elementor-widget elementor-widget-text-editor\" data-id=\"691c6ef4\" data-element_type=\"widget\" data-settings=\"{&quot;ekit_we_effect_on&quot;:&quot;none&quot;}\" data-widget_type=\"text-editor.default\">\n\t\t\t\t<div class=\"elementor-widget-container\">\n\t\t\t\t\t\t\t\t\t<!DOCTYPE html>\n<html lang=\"en\">\n<head>\n    <meta charset=\"UTF-8\">\n    <meta name=\"viewport\" content=\"width=device-width, initial-scale=1.0\">\n    <title>Allergen &#038; Nutrition Information<\/title>\n    <style>\n        * {\n            margin: 0;\n            padding: 0;\n            box-sizing: border-box;\n            font-family: 'Segoe UI', Tahoma, Geneva, Verdana, sans-serif;\n        }\n        \n        body {\n            background-color: #f8f9fa;\n            padding: 30px;\n            color: #333;\n            line-height: 1.6;\n        }\n        \n        .container {\n            max-width: 900px;\n            margin: 0 auto;\n            background-color: white;\n            border-radius: 10px;\n            box-shadow: 0 5px 20px rgba(0, 0, 0, 0.08);\n            overflow: hidden;\n        }\n        \n        .header {\n            background: linear-gradient(to right, #4a6fa5, #6b8cbc);\n            color: white;\n            padding: 25px 30px;\n        }\n        \n        .header h1 {\n            font-size: 28px;\n            margin-bottom: 8px;\n            font-weight: 600;\n        }\n        \n        .header p {\n            opacity: 0.9;\n            font-size: 16px;\n        }\n        \n        .info-table {\n            width: 100%;\n            border-collapse: collapse;\n        }\n        \n        .info-row {\n            border-bottom: 1px solid #e1e5eb;\n        }\n        \n        .info-row:last-child {\n            border-bottom: none;\n        }\n        \n        .info-label, .info-value {\n            padding: 20px 30px;\n            text-align: left;\n            vertical-align: top;\n            font-size: 17px;\n        }\n        \n        .info-label {\n            width: 40%;\n            font-weight: 600;\n            color: #2c3e50;\n            border-right: 1px solid #f0f2f5;\n            background-color: #fafbfd;\n        }\n        \n        .info-value {\n            width: 60%;\n            color: #4a5568;\n        }\n        \n        .highlight {\n            color: #e53e3e;\n            font-weight: 600;\n            background-color: #fff5f5;\n            padding: 2px 6px;\n            border-radius: 4px;\n        }\n        \n        .note {\n            padding: 20px 30px;\n            background-color: #f8f9fa;\n            border-top: 1px solid #e9ecef;\n            font-size: 15px;\n            color: #6c757d;\n            line-height: 1.5;\n        }\n        \n        .footer {\n            text-align: center;\n            padding: 20px;\n            color: #6c757d;\n            font-size: 14px;\n            border-top: 1px solid #e9ecef;\n            background-color: #f8f9fa;\n        }\n        \n        @media (max-width: 768px) {\n            body {\n                padding: 15px;\n            }\n            \n            .info-label, .info-value {\n                padding: 15px 20px;\n                font-size: 16px;\n            }\n            \n            .header {\n                padding: 20px;\n            }\n            \n            .header h1 {\n                font-size: 24px;\n            }\n        }\n        \n        @media (max-width: 576px) {\n            .info-label, .info-value {\n                display: block;\n                width: 100%;\n                border-right: none;\n            }\n            \n            .info-label {\n                border-bottom: 1px solid #f0f2f5;\n                padding-bottom: 8px;\n            }\n            \n            .info-value {\n                padding-top: 8px;\n            }\n            \n            .info-row {\n                border-bottom: 2px solid #e1e5eb;\n            }\n        }\n    <\/style>\n<\/head>\n<body>\n    <div class=\"container\">\n        <div class=\"header\">\n            <h1>Informationen zum Produkt<\/h1>\n            <p>Allergene und N\u00e4hrwertangaben f\u00fcr das Produkt MORE NUTRITION<\/p>\n        <\/div>\n        \n        <table class=\"info-table\">\n            <tbody>\n                <tr class=\"info-row\">\n                    <td class=\"info-label\">Informationen \u00fcber Allergene<\/td>\n                    <td class=\"info-value\"><span class=\"highlight\">Enth\u00e4lt: Milchprodukte k\u00f6nnen enthalten, Hafer<\/span><\/td>\n                <\/tr>\n                <tr class=\"info-row\">\n                    <td class=\"info-label\">Einheiten<\/td>\n                    <td class=\"info-value\">600,0 Gramm<\/td>\n                <\/tr>\n                <tr class=\"info-row\">\n                    <td class=\"info-label\">Marke<\/td>\n                    <td class=\"info-value\">MEHR ERN\u00c4HRUNG<\/td>\n                <\/tr>\n                <tr class=\"info-row\">\n                    <td class=\"info-label\">Format<\/td>\n                    <td class=\"info-value\">Pulver<\/td>\n                <\/tr>\n                <tr class=\"info-row\">\n                    <td class=\"info-label\">Altersgruppe Beschreibung<\/td>\n                    <td class=\"info-value\">Erwachsene<\/td>\n                <\/tr>\n                <tr class=\"info-row\">\n                    <td class=\"info-label\">N\u00e4hrwertangaben<\/td>\n                    <td class=\"info-value\">Pro Portion wie unten beschrieben<\/td>\n                <\/tr>\n                <tr class=\"info-row\">\n                    <td class=\"info-label\">Portionsgr\u00f6\u00dfe<\/td>\n                    <td class=\"info-value\">1 g<\/td>\n                <\/tr>\n            <\/tbody>\n        <\/table>\n        \n        <div class=\"note\">\n            <p><strong>Anmerkung:<\/strong> Dieses Produkt enth\u00e4lt Milchprodukte und kann Hafer enthalten. Bitte konsultieren Sie einen Arzt, wenn Sie Lebensmittelallergien oder di\u00e4tetische Einschr\u00e4nkungen haben. Die N\u00e4hrwerte basieren auf einer Portionsgr\u00f6\u00dfe von 1 g. Lesen Sie vor dem Verzehr immer das Etikett.<\/p>\n        <\/div>\n        \n        <div class=\"footer\">\n            <p>Die Produktinformationen k\u00f6nnen sich \u00e4ndern. Pr\u00fcfen Sie immer die Verpackung auf die aktuellsten Details.<\/p>\n        <\/div>\n    <\/div>\n\n    <script>\n        \/\/ \u6dfb\u52a0\u7b80\u5355\u7684\u4ea4\u4e92\u6548\u679c\n        document.addEventListener('DOMContentLoaded', function() {\n            const rows = document.querySelectorAll('.info-row');\n            \n            rows.forEach(row => {\n                row.addEventListener('mouseenter', function() {\n                    this.style.backgroundColor = '#f8f9fa';\n                    this.style.transition = 'background-color 0.2s ease';\n                });\n                \n                row.addEventListener('mouseleave', function() {\n                    this.style.backgroundColor = '';\n                });\n            });\n            \n            \/\/ \u9ad8\u4eae\u8fc7\u654f\u539f\u4fe1\u606f\n            const allergenValue = document.querySelector('.info-value .highlight');\n            if (allergenValue) {\n                allergenValue.addEventListener('click', function() {\n                    this.style.backgroundColor = this.style.backgroundColor === 'rgb(255, 240, 240)' ? '#fff5f5' : '#fff0f0';\n                });\n            }\n        });\n    <\/script>\n<\/body>\n<\/html>\t\t\t\t\t\t\t\t<\/div>\n\t\t\t\t<\/div>\n\t\t\t\t\t<\/div>\n\t\t\t\t<\/div>\n\t\t\t\t<\/div>","protected":false},"excerpt":{"rendered":"<p>Important information Ingredients:MILK Protein Concentrate 55%, Whole Wheat OATS (gluten free) 39%, Glucomannan (from Konjac Root) 2%, Psyllium Husk Powder, Soluble Fibre (Maize), Salt, Lactase, Sweetener (Steviol Glycosides from Stevia). Origin of ingredients: EU\/Non-EU. Directions:Mix with water or milk, add toppings if desired From the brand Product Description . Allergen &#038; Nutrition Information Product Information [&hellip;]<\/p>","protected":false},"featured_media":2919,"comment_status":"open","ping_status":"closed","template":"","meta":{"_acf_changed":false},"product_brand":[],"product_cat":[35],"product_tag":[],"class_list":{"0":"post-2957","1":"product","2":"type-product","3":"status-publish","4":"has-post-thumbnail","6":"product_cat-sale","8":"first","9":"instock","10":"sale","11":"shipping-taxable","12":"purchasable","13":"product-type-simple"},"acf":[],"_links":{"self":[{"href":"https:\/\/buynsellshop.shop\/de\/wp-json\/wp\/v2\/product\/2957","targetHints":{"allow":["GET"]}}],"collection":[{"href":"https:\/\/buynsellshop.shop\/de\/wp-json\/wp\/v2\/product"}],"about":[{"href":"https:\/\/buynsellshop.shop\/de\/wp-json\/wp\/v2\/types\/product"}],"replies":[{"embeddable":true,"href":"https:\/\/buynsellshop.shop\/de\/wp-json\/wp\/v2\/comments?post=2957"}],"version-history":[{"count":4,"href":"https:\/\/buynsellshop.shop\/de\/wp-json\/wp\/v2\/product\/2957\/revisions"}],"predecessor-version":[{"id":2965,"href":"https:\/\/buynsellshop.shop\/de\/wp-json\/wp\/v2\/product\/2957\/revisions\/2965"}],"wp:featuredmedia":[{"embeddable":true,"href":"https:\/\/buynsellshop.shop\/de\/wp-json\/wp\/v2\/media\/2919"}],"wp:attachment":[{"href":"https:\/\/buynsellshop.shop\/de\/wp-json\/wp\/v2\/media?parent=2957"}],"wp:term":[{"taxonomy":"product_brand","embeddable":true,"href":"https:\/\/buynsellshop.shop\/de\/wp-json\/wp\/v2\/product_brand?post=2957"},{"taxonomy":"product_cat","embeddable":true,"href":"https:\/\/buynsellshop.shop\/de\/wp-json\/wp\/v2\/product_cat?post=2957"},{"taxonomy":"product_tag","embeddable":true,"href":"https:\/\/buynsellshop.shop\/de\/wp-json\/wp\/v2\/product_tag?post=2957"}],"curies":[{"name":"wp","href":"https:\/\/api.w.org\/{rel}","templated":true}]}}