{"id":642,"date":"2025-05-11T14:28:36","date_gmt":"2025-05-11T14:28:36","guid":{"rendered":"https:\/\/buynsellshop.shop\/?page_id=642"},"modified":"2025-08-02T14:39:22","modified_gmt":"2025-08-02T14:39:22","slug":"faqs","status":"publish","type":"page","link":"https:\/\/buynsellshop.shop\/es\/faqs\/","title":{"rendered":"Preguntas frecuentes"},"content":{"rendered":"<div data-elementor-type=\"wp-page\" data-elementor-id=\"642\" class=\"elementor elementor-642\" data-elementor-post-type=\"page\">\n\t\t\t\t<div class=\"elementor-element elementor-element-f2d8dc3 e-flex e-con-boxed e-con e-parent\" data-id=\"f2d8dc3\" data-element_type=\"container\" data-settings=\"{&quot;ekit_has_onepagescroll_dot&quot;:&quot;yes&quot;}\">\n\t\t\t\t\t<div class=\"e-con-inner\">\n\t\t\t\t<div class=\"elementor-element elementor-element-1fb792b elementor-widget elementor-widget-html\" data-id=\"1fb792b\" data-element_type=\"widget\" data-settings=\"{&quot;ekit_we_effect_on&quot;:&quot;none&quot;}\" data-widget_type=\"html.default\">\n\t\t\t\t<div class=\"elementor-widget-container\">\n\t\t\t\t\t<div class=\"orders-faq-section\">\r\n  <h2>Explore el mundo a trav\u00e9s de los aperitivos<\/h2>\r\n\r\n  <!-- FAQ 1 -->\r\n  <div class=\"faq-item\">\r\n    <h3>\u00bfPuedo elegir libremente los art\u00edculos?<\/h3>\r\n    <div class=\"faq-answer\">\r\n      S\u00ed, todos los art\u00edculos est\u00e1n disponibles para su selecci\u00f3n individual en funci\u00f3n de sus preferencias personales.\r\n    <\/div>\r\n  <\/div>\r\n\r\n  <!-- FAQ 2 -->\r\n  <div class=\"faq-item\">\r\n    <h3>\u00bfSe actualiza peri\u00f3dicamente la informaci\u00f3n sobre los productos?<\/h3>\r\n    <div class=\"faq-answer\">\r\n      S\u00ed, la informaci\u00f3n sobre los art\u00edculos se actualiza cuando es necesario para garantizar su exactitud y pertinencia.\r\n    <\/div>\r\n  <\/div>\r\n\r\n  <!-- FAQ 3 -->\r\n  <div class=\"faq-item\">\r\n    <h3>\u00bfSe puede entregar a domicilio?<\/h3>\r\n    <div class=\"faq-answer\">\r\n      S\u00ed, hay opciones de entrega disponibles. Consulte las instrucciones in situ o en l\u00ednea para obtener m\u00e1s informaci\u00f3n.\r\n    <\/div>\r\n  <\/div>\r\n\r\n  <!-- FAQ 4 -->\r\n  <div class=\"faq-item\">\r\n    <h3>\u00bfSe admite la recogida en persona?<\/h3>\r\n    <div class=\"faq-answer\">\r\n      La recogida est\u00e1 disponible en determinados lugares. Puede elegir la opci\u00f3n adecuada en funci\u00f3n de la disponibilidad.\r\n    <\/div>\r\n  <\/div>\r\n\r\n  <!-- FAQ 5 -->\r\n  <div class=\"faq-item\">\r\n    <h3>\u00bfQu\u00e9 m\u00e9todos de pago se aceptan?<\/h3>\r\n    <div class=\"faq-answer\">\r\n      Se admiten varios m\u00e9todos de pago habituales. Siga las opciones de pago indicadas al realizar el pago.\r\n    <\/div>\r\n  <\/div>\r\n\r\n  <!-- FAQ 6 -->\r\n  <div class=\"faq-item\">\r\n    <h3>\u00bfPuedo solicitar una factura?<\/h3>\r\n    <div class=\"faq-answer\">\r\n      S\u00ed, las facturas pueden solicitarse en el momento del pago si es necesario.\r\n    <\/div>\r\n  <\/div>\r\n\r\n  <!-- FAQ 7 -->\r\n  <div class=\"faq-item\">\r\n    <h3>\u00bfPuedo devolver o cambiar un art\u00edculo si no estoy satisfecho?<\/h3>\r\n    <div class=\"faq-answer\">\r\n      Si tiene alg\u00fan problema, p\u00f3ngase en contacto con el personal o con el servicio de atenci\u00f3n al cliente. Estaremos encantados de ayudarle.\r\n    <\/div>\r\n  <\/div>\r\n\r\n  <!-- FAQ 8 -->\r\n  <div class=\"faq-item\">\r\n    <h3>\u00bfC\u00f3mo puedo ponerme en contacto con el servicio de atenci\u00f3n al cliente o el personal?<\/h3>\r\n    <div class=\"faq-answer\">\r\n      Puede ponerse en contacto con nosotros a trav\u00e9s del servicio de asistencia, el tel\u00e9fono de atenci\u00f3n al cliente o la plataforma de servicio en l\u00ednea.\r\n    <\/div>\r\n  <\/div>\r\n<\/div>\r\n\t\t\t\t<\/div>\n\t\t\t\t<\/div>\n\t\t\t\t\t<\/div>\n\t\t\t\t<\/div>\n\t\t\t\t<\/div>","protected":false},"excerpt":{"rendered":"<p>Explore the World Through Snacks! Can I choose items freely? Yes, all items are available for individual selection based on your personal preferences. Are product details updated regularly? Yes, item information is updated as needed to ensure accuracy and relevance. Is delivery available? Yes, delivery options are available. Please refer to on-site or online instructions [&hellip;]<\/p>","protected":false},"author":1,"featured_media":0,"parent":0,"menu_order":0,"comment_status":"closed","ping_status":"closed","template":"","meta":{"_acf_changed":false,"footnotes":""},"class_list":["post-642","page","type-page","status-publish","hentry"],"acf":[],"_hostinger_reach_plugin_has_subscription_block":false,"_hostinger_reach_plugin_is_elementor":false,"_links":{"self":[{"href":"https:\/\/buynsellshop.shop\/es\/wp-json\/wp\/v2\/pages\/642","targetHints":{"allow":["GET"]}}],"collection":[{"href":"https:\/\/buynsellshop.shop\/es\/wp-json\/wp\/v2\/pages"}],"about":[{"href":"https:\/\/buynsellshop.shop\/es\/wp-json\/wp\/v2\/types\/page"}],"author":[{"embeddable":true,"href":"https:\/\/buynsellshop.shop\/es\/wp-json\/wp\/v2\/users\/1"}],"replies":[{"embeddable":true,"href":"https:\/\/buynsellshop.shop\/es\/wp-json\/wp\/v2\/comments?post=642"}],"version-history":[{"count":13,"href":"https:\/\/buynsellshop.shop\/es\/wp-json\/wp\/v2\/pages\/642\/revisions"}],"predecessor-version":[{"id":1738,"href":"https:\/\/buynsellshop.shop\/es\/wp-json\/wp\/v2\/pages\/642\/revisions\/1738"}],"wp:attachment":[{"href":"https:\/\/buynsellshop.shop\/es\/wp-json\/wp\/v2\/media?parent=642"}],"curies":[{"name":"wp","href":"https:\/\/api.w.org\/{rel}","templated":true}]}}